{"id":78861,"date":"2025-08-14T14:40:41","date_gmt":"2025-08-14T12:40:41","guid":{"rendered":"http:\/\/www2.bfkeg.it\/note-legali\/"},"modified":"2026-01-10T19:33:36","modified_gmt":"2026-01-10T18:33:36","slug":"note-legali","status":"publish","type":"page","link":"https:\/\/www.bfkeg.it\/it\/note-legali\/","title":{"rendered":"Note legali"},"content":{"rendered":"\t\t<div data-elementor-type=\"wp-page\" data-elementor-id=\"78861\" class=\"elementor elementor-78861 elementor-76865\">\n\t\t\t\t\t\t<section class=\"elementor-section elementor-top-section elementor-element elementor-element-9b5d783 elementor-section-boxed elementor-section-height-default elementor-section-height-default\" data-id=\"9b5d783\" data-element_type=\"section\" data-e-type=\"section\">\n\t\t\t\t\t\t<div class=\"elementor-container elementor-column-gap-default\">\n\t\t\t\t\t<div class=\" elementor-column elementor-col-100 elementor-top-column elementor-element elementor-element-a4de946\" data-fullscreen-column-settings=\"{&quot;fullscreen&quot;:&quot;&quot;}\" data-id=\"a4de946\" data-element_type=\"column\" data-e-type=\"column\">\n\t\t\t<div class=\"elementor-widget-wrap elementor-element-populated\">\n\t\t\t\t\t\t<div class=\"elementor-element elementor-element-be466ed elementor-widget elementor-widget-heading\" data-id=\"be466ed\" data-element_type=\"widget\" data-e-type=\"widget\" data-widget_type=\"heading.default\">\n\t\t\t\t\t<h2 class=\"elementor-heading-title elementor-size-default\">Impressum - Esclusione di responsabilit\u00e0<\/h2>\t\t\t\t<\/div>\n\t\t\t\t<div class=\"elementor-element elementor-element-1893c19 elementor-widget elementor-widget-text-editor\" data-id=\"1893c19\" data-element_type=\"widget\" data-e-type=\"widget\" data-widget_type=\"text-editor.default\">\n\t\t\t\t\t\t\t\t\t<p data-start=\"430\" data-end=\"539\"><strong data-start=\"430\" data-end=\"478\">Bonifizierungskonsortium Eisackm\u00fcndung-Gmund<\/strong><br data-start=\"478\" data-end=\"481\">Via Vecchia 1<br data-start=\"499\" data-end=\"502\">39051 Branzolo\u2013 Alto Adige \u2013 Italia<\/p><p data-start=\"541\" data-end=\"689\"><strong data-start=\"541\" data-end=\"552\">E-Mail:<\/strong> <a class=\"cursor-pointer\" rel=\"noopener\" data-start=\"553\" data-end=\"566\">info@bfkeg.it<\/a><br data-start=\"566\" data-end=\"569\"><strong data-start=\"569\" data-end=\"581\">Telefono:<\/strong> +39 0471 09 59 00<br data-start=\"599\" data-end=\"602\"><strong data-start=\"602\" data-end=\"610\">Web:<\/strong> <a class=\"\" href=\"https:\/\/www.bfkeg.it\" target=\"_new\" rel=\"noopener\" data-start=\"611\" data-end=\"655\">https:\/\/www.bfkeg.it<\/a><br data-start=\"655\" data-end=\"658\"><strong data-start=\"658\" data-end=\"672\">Partita IVA.:<\/strong> IT-80000150211<\/p><p data-start=\"691\" data-end=\"813\"><strong data-start=\"691\" data-end=\"719\">Grafica:<\/strong><br data-start=\"719\" data-end=\"722\"><strong data-start=\"722\" data-end=\"758\">websache.it \u2013 Webseiten mit Biss!<\/strong><br data-start=\"758\" data-end=\"761\"><a class=\"\" href=\"https:\/\/www.websache.it\" target=\"_new\" rel=\"noopener\" data-start=\"761\" data-end=\"811\">www.websache.it<\/a><\/p><h5 data-start=\"815\" data-end=\"889\">Informazioni sulla risoluzione delle controversie online ai sensi dell&#8217;art. 14, comma 1 del regolamento ODR <\/h5><p data-start=\"890\" data-end=\"1270\">La Commissione europea mette a disposizione una piattaforma per la risoluzione delle controversie online (piattaforma OS).<br data-start=\"979\" data-end=\"982\">Questa piattaforma pu\u00f2 fungere da punto di contatto per la risoluzione extragiudiziale delle controversie derivanti da contratti di acquisto online o contratti di prestazione di servizi.<br data-start=\"1134\" data-end=\"1137\">La piattaforma OS \u00e8 accessibile al seguente indirizzo:<br data-start=\"1193\" data-end=\"1196\"><a class=\"\" href=\"https:\/\/ec.europa.eu\/consumers\/odr\" target=\"_new\" rel=\"noopener\" data-start=\"1196\" data-end=\"1268\">https:\/\/ec.europa.eu\/consumers\/odr<\/a><\/p><hr data-start=\"1272\" data-end=\"1275\"><h5 data-start=\"1277\" data-end=\"1301\">2. Esclusione di responsabilit\u00e0<\/h5><h6 data-start=\"1303\" data-end=\"1339\">2.1 Contenuto dell&#8217;offerta online<\/h6><p data-start=\"1340\" data-end=\"1861\">Il gestore di questo sito web non si assume alcuna responsabilit\u00e0 per l&#8217;attualit\u00e0, la correttezza, la completezza o la qualit\u00e0 delle informazioni fornite.<br data-start=\"1490\" data-end=\"1493\">Sono escluse rivendicazioni di responsabilit\u00e0 nei confronti del gestore relative a danni materiali o immateriali causati dall&#8217;utilizzo o dal mancato utilizzo delle informazioni fornite o dall&#8217;utilizzo di informazioni errate o incomplete, salvo nei casi di dolo o colpa grave comprovati.<\/p><p data-start=\"1863\" data-end=\"2130\">Tutte le offerte sono soggette a modifiche e non vincolanti. Il gestore si riserva espressamente il diritto di modificare, integrare o cancellare parti delle pagine o l&#8217;intera offerta senza preavviso separato, nonch\u00e9 di sospenderne temporaneamente o definitivamente la pubblicazione. <\/p><h6 data-start=\"2132\" data-end=\"2160\">2.2 Riferimenti e link<\/h6><p data-start=\"2161\" data-end=\"2730\">In caso di riferimenti diretti o indiretti a siti web esterni (\u201chyperlink\u201d) che esulano dall&#8217;ambito di responsabilit\u00e0 del gestore, quest&#8217;ultimo \u00e8 responsabile solo nel caso in cui sia a conoscenza dei contenuti e sia tecnicamente possibile e ragionevole impedirne l&#8217;utilizzo in caso di contenuti illegali.<br data-start=\"2524\" data-end=\"2527\">Al momento della creazione dei link non erano riconoscibili contenuti illegali. Il gestore non ha alcuna influenza sulla struttura attuale e futura, sui contenuti o sulla paternit\u00e0 delle pagine collegate. <\/p><h6 data-start=\"2732\" data-end=\"2771\">2.3 Diritto d&#8217;autore e diritto dei marchi<\/h6><p data-start=\"2772\" data-end=\"3203\">Tutti i marchi e i marchi registrati citati nell&#8217;offerta Internet ed eventualmente protetti da terzi sono soggetti alle disposizioni del diritto dei marchi vigente e ai diritti di propriet\u00e0 dei rispettivi proprietari.<br data-start=\"2994\" data-end=\"2997\">Il copyright per i contenuti creati dall&#8217;operatore stesso rimane di esclusiva propriet\u00e0 dell&#8217;operatore. La riproduzione o l&#8217;utilizzo di tali contenuti non \u00e8 consentita senza esplicito consenso scritto. <\/p><h6 data-start=\"3205\" data-end=\"3232\">2.4 Validit\u00e0 giuridica<\/h6><p data-start=\"3233\" data-end=\"3517\">La presente esclusione di responsabilit\u00e0 \u00e8 parte integrante dell&#8217;offerta Internet da cui si \u00e8 stati indirizzati a questa pagina.<br data-start=\"3335\" data-end=\"3338\">Qualora parti o singole formulazioni del presente testo non corrispondano, non corrispondano pi\u00f9 o non corrispondano integralmente alla situazione giuridica vigente, ci\u00f2 non pregiudica la validit\u00e0 dei restanti contenuti.<\/p>\t\t\t\t\t\t\t\t<\/div>\n\t\t\t\t\t<\/div>\n\t\t<\/div>\n\t\t\t\t\t<\/div>\n\t\t<\/section>\n\t\t\t\t<\/div>\n\t\t","protected":false},"excerpt":{"rendered":"<p>Impressum &#8211; Esclusione di responsabilit\u00e0 Bonifizierungskonsortium Eisackm\u00fcndung-GmundVia Vecchia 139051 Branzolo\u2013 Alto Adige \u2013 Italia E-Mail: info@bfkeg.itTelefono: +39 0471 09 59 00Web: https:\/\/www.bfkeg.itPartita IVA.: IT-80000150211 Grafica:websache.it \u2013 Webseiten mit Biss!www.websache.it Informazioni sulla risoluzione delle controversie online ai sensi dell&#8217;art. 14, comma 1 del regolamento ODR La Commissione europea mette a disposizione una piattaforma per la risoluzione [&hellip;]<\/p>\n","protected":false},"author":1,"featured_media":0,"parent":0,"menu_order":0,"comment_status":"closed","ping_status":"closed","template":"","meta":{"footnotes":""},"class_list":["post-78861","page","type-page","status-publish","hentry"],"_links":{"self":[{"href":"https:\/\/www.bfkeg.it\/it\/wp-json\/wp\/v2\/pages\/78861","targetHints":{"allow":["GET"]}}],"collection":[{"href":"https:\/\/www.bfkeg.it\/it\/wp-json\/wp\/v2\/pages"}],"about":[{"href":"https:\/\/www.bfkeg.it\/it\/wp-json\/wp\/v2\/types\/page"}],"author":[{"embeddable":true,"href":"https:\/\/www.bfkeg.it\/it\/wp-json\/wp\/v2\/users\/1"}],"replies":[{"embeddable":true,"href":"https:\/\/www.bfkeg.it\/it\/wp-json\/wp\/v2\/comments?post=78861"}],"version-history":[{"count":1,"href":"https:\/\/www.bfkeg.it\/it\/wp-json\/wp\/v2\/pages\/78861\/revisions"}],"predecessor-version":[{"id":78862,"href":"https:\/\/www.bfkeg.it\/it\/wp-json\/wp\/v2\/pages\/78861\/revisions\/78862"}],"wp:attachment":[{"href":"https:\/\/www.bfkeg.it\/it\/wp-json\/wp\/v2\/media?parent=78861"}],"curies":[{"name":"wp","href":"https:\/\/api.w.org\/{rel}","templated":true}]}}