{"id":78742,"date":"2025-10-30T14:12:07","date_gmt":"2025-10-30T13:12:07","guid":{"rendered":"http:\/\/www2.bfkeg.it\/fossa-maso-bianco\/"},"modified":"2026-01-09T08:30:25","modified_gmt":"2026-01-09T07:30:25","slug":"fossa-maso-bianco","status":"publish","type":"page","link":"https:\/\/www.bfkeg.it\/it\/fossa-maso-bianco\/","title":{"rendered":"Fossa Maso Bianco"},"content":{"rendered":"\t\t<div data-elementor-type=\"wp-page\" data-elementor-id=\"78742\" class=\"elementor elementor-78742 elementor-78209\">\n\t\t\t\t\t\t<section class=\"elementor-section elementor-top-section elementor-element elementor-element-181454bc elementor-section-boxed elementor-section-height-default elementor-section-height-default\" data-id=\"181454bc\" data-element_type=\"section\" data-e-type=\"section\">\n\t\t\t\t\t\t<div class=\"elementor-container elementor-column-gap-default\">\n\t\t\t\t\t<div class=\" elementor-column elementor-col-100 elementor-top-column elementor-element elementor-element-53a62eb2\" data-fullscreen-column-settings=\"{&quot;fullscreen&quot;:&quot;&quot;}\" data-id=\"53a62eb2\" data-element_type=\"column\" data-e-type=\"column\">\n\t\t\t<div class=\"elementor-widget-wrap elementor-element-populated\">\n\t\t\t\t\t\t<div class=\"elementor-element elementor-element-2ca0e8a4 elementor-widget elementor-widget-heading\" data-id=\"2ca0e8a4\" data-element_type=\"widget\" data-e-type=\"widget\" data-widget_type=\"heading.default\">\n\t\t\t\t\t<h6 class=\"elementor-heading-title elementor-size-default\">Fosse<\/h6>\t\t\t\t<\/div>\n\t\t\t\t<div class=\"elementor-element elementor-element-2e09c23c elementor-hidden-mobile elementor-widget elementor-widget-heading\" data-id=\"2e09c23c\" data-element_type=\"widget\" data-e-type=\"widget\" data-widget_type=\"heading.default\">\n\t\t\t\t\t<h2 class=\"elementor-heading-title elementor-size-default\">Fossa Maso Bianco<\/h2>\t\t\t\t<\/div>\n\t\t\t\t<div class=\"elementor-element elementor-element-79f02fe elementor-hidden-desktop elementor-hidden-tablet elementor-widget elementor-widget-heading\" data-id=\"79f02fe\" data-element_type=\"widget\" data-e-type=\"widget\" data-widget_type=\"heading.default\">\n\t\t\t\t\t<h2 class=\"elementor-heading-title elementor-size-default\">Fossa Maso Bianco<\/h2>\t\t\t\t<\/div>\n\t\t\t\t<div class=\"elementor-element elementor-element-3dae9ed6 elementor-widget elementor-widget-text-editor\" data-id=\"3dae9ed6\" data-element_type=\"widget\" data-e-type=\"widget\" data-widget_type=\"text-editor.default\">\n\t\t\t\t\t\t\t\t\t<p><strong>La fosse Maso Bianco<\/strong> serve il fosso secondario &#8211; zona di drenaggio Leifers. Ha una lunghezza media di <strong>3,6 km<\/strong>, una larghezza stimata di 5 metri e una profondit\u00e0 di 3 metri.<\/p><p>I lavori di sfalcio vengono eseguiti in media 3 volte all&#8217;anno. A causa della sua funzione e delle condizioni locali, il carico di lavoro \u00e8 classificato come <strong>medio<\/strong>.<\/p>\t\t\t\t\t\t\t\t<\/div>\n\t\t\t\t\t<\/div>\n\t\t<\/div>\n\t\t\t\t\t<\/div>\n\t\t<\/section>\n\t\t\t\t<section class=\"elementor-section elementor-top-section elementor-element elementor-element-3633ef59 elementor-section-boxed elementor-section-height-default elementor-section-height-default\" data-id=\"3633ef59\" data-element_type=\"section\" data-e-type=\"section\">\n\t\t\t\t\t\t<div class=\"elementor-container elementor-column-gap-default\">\n\t\t\t\t\t<div class=\" elementor-column elementor-col-100 elementor-top-column elementor-element elementor-element-39bd2e89\" data-fullscreen-column-settings=\"{&quot;fullscreen&quot;:&quot;&quot;}\" data-id=\"39bd2e89\" data-element_type=\"column\" data-e-type=\"column\">\n\t\t\t<div class=\"elementor-widget-wrap elementor-element-populated\">\n\t\t\t\t\t\t<div class=\"elementor-element elementor-element-71298b0d elementor-widget elementor-widget-litho-image-gallery\" data-id=\"71298b0d\" data-element_type=\"widget\" data-e-type=\"widget\" data-widget_type=\"litho-image-gallery.default\">\n\t\t\t\t<div class=\"elementor-widget-container\">\n\t\t\t\t\t\t\t\t\t\t<ul class=\"portfolio-grid grid grid-2col\">\n\t\t\t\t\t<li class=\"grid-sizer\"><\/li>\n\t\t\t\t\t\t\t\t\t\t\t\t<li class=\"grid-item\">\n\t\t\t\t\t\t\t\t\t\t\t\t\t\t\t\t\t<a href=\"https:\/\/www.bfkeg.it\/wordpress\/wp-content\/uploads\/2025\/11\/landgraben.jpg\" data-elementor-open-lightbox=\"no\" data-group=\"71298b0d\" class=\"lightbox-group-gallery-item \" title=\"M\u00fcndung des Wei\u00dfhausgrabens\">\n\t\t\t\t\t\t\t\t\t\t\t\t\t\t\t\t\t<div class=\"portfolio-box image-gallery-box\">\n\t\t\t\t\t\t\t\t\t\t<div class=\"portfolio-image\">\n\t\t\t\t\t\t\t\t\t\t\t<img fetchpriority=\"high\" decoding=\"async\" width=\"1500\" height=\"1125\" src=\"https:\/\/www.bfkeg.it\/wordpress\/wp-content\/uploads\/2025\/11\/landgraben.jpg\" class=\"attachment- size-\" alt=\"Kleine M\u00fcndung des Wei\u00dfhausgrabens in ein gr\u00f6\u00dferes Entw\u00e4sserungssystem\" srcset=\"https:\/\/www.bfkeg.it\/wordpress\/wp-content\/uploads\/2025\/11\/landgraben.jpg 1500w, https:\/\/www.bfkeg.it\/wordpress\/wp-content\/uploads\/2025\/11\/landgraben-300x225.jpg 300w, https:\/\/www.bfkeg.it\/wordpress\/wp-content\/uploads\/2025\/11\/landgraben-1024x768.jpg 1024w, https:\/\/www.bfkeg.it\/wordpress\/wp-content\/uploads\/2025\/11\/landgraben-768x576.jpg 768w, https:\/\/www.bfkeg.it\/wordpress\/wp-content\/uploads\/2025\/11\/landgraben-200x150.jpg 200w\" sizes=\"(max-width: 1500px) 100vw, 1500px\" \/>\t\t\t\t\t\t\t\t\t\t\t\t\t\t\t\t\t\t\t\t\t\t\t<div class=\"portfolio-hover\"><i aria-hidden=\"true\" class=\"feather icon-feather-zoom-in\"><\/i><\/div>\n\t\t\t\t\t\t\t\t\t\t\t\t\t\t\t\t\t\t\t\t\t<\/div>\n\t\t\t\t\t\t\t\t\t<\/div>\n\t\t\t\t\t\t\t\t\t\t\t\t\t\t\t\t\t<\/a>\n\t\t\t\t\t\t\t\t\t\t\t\t\t\t\t<\/li>\n\t\t\t\t\t\t\t\t\t\t\t\t\t\t<li class=\"grid-item\">\n\t\t\t\t\t\t\t\t\t\t\t\t\t\t\t\t\t<a href=\"https:\/\/www.bfkeg.it\/wordpress\/wp-content\/uploads\/2025\/11\/Weihausgraben.jpg\" data-elementor-open-lightbox=\"no\" data-group=\"71298b0d\" class=\"lightbox-group-gallery-item \" title=\"Wei\u00dfhausgraben bei Auer im Bonifizierungsgebiet Auer\u2013Branzoll\u2013Pfatten.\">\n\t\t\t\t\t\t\t\t\t\t\t\t\t\t\t\t\t<div class=\"portfolio-box image-gallery-box\">\n\t\t\t\t\t\t\t\t\t\t<div class=\"portfolio-image\">\n\t\t\t\t\t\t\t\t\t\t\t<img decoding=\"async\" width=\"1500\" height=\"1125\" src=\"https:\/\/www.bfkeg.it\/wordpress\/wp-content\/uploads\/2025\/11\/Weihausgraben.jpg\" class=\"attachment- size-\" alt=\"Wei\u00dfhausgraben zwischen Obstwiesen im Bonifizierungsgebiet Auer\u2013Branzoll\u2013Pfatten.\" srcset=\"https:\/\/www.bfkeg.it\/wordpress\/wp-content\/uploads\/2025\/11\/Weihausgraben.jpg 1500w, https:\/\/www.bfkeg.it\/wordpress\/wp-content\/uploads\/2025\/11\/Weihausgraben-300x225.jpg 300w, https:\/\/www.bfkeg.it\/wordpress\/wp-content\/uploads\/2025\/11\/Weihausgraben-1024x768.jpg 1024w, https:\/\/www.bfkeg.it\/wordpress\/wp-content\/uploads\/2025\/11\/Weihausgraben-768x576.jpg 768w, https:\/\/www.bfkeg.it\/wordpress\/wp-content\/uploads\/2025\/11\/Weihausgraben-200x150.jpg 200w\" sizes=\"(max-width: 1500px) 100vw, 1500px\" \/>\t\t\t\t\t\t\t\t\t\t\t\t\t\t\t\t\t\t\t\t\t\t\t<div class=\"portfolio-hover\"><i aria-hidden=\"true\" class=\"feather icon-feather-zoom-in\"><\/i><\/div>\n\t\t\t\t\t\t\t\t\t\t\t\t\t\t\t\t\t\t\t\t\t<\/div>\n\t\t\t\t\t\t\t\t\t<\/div>\n\t\t\t\t\t\t\t\t\t\t\t\t\t\t\t\t\t<\/a>\n\t\t\t\t\t\t\t\t\t\t\t\t\t\t\t<\/li>\n\t\t\t\t\t\t\t\t\t\t\t<\/ul>\n\t\t\t\t\t\t\t\t<\/div>\n\t\t\t\t<\/div>\n\t\t\t\t\t<\/div>\n\t\t<\/div>\n\t\t\t\t\t<\/div>\n\t\t<\/section>\n\t\t\t\t<\/div>\n\t\t","protected":false},"excerpt":{"rendered":"<p>Fosse Fossa Maso Bianco Fossa Maso Bianco La fosse Maso Bianco serve il fosso secondario &#8211; zona di drenaggio Leifers. Ha una lunghezza media di 3,6 km, una larghezza stimata di 5 metri e una profondit\u00e0 di 3 metri. I lavori di sfalcio vengono eseguiti in media 3 volte all&#8217;anno. A causa della sua funzione [&hellip;]<\/p>\n","protected":false},"author":1,"featured_media":0,"parent":0,"menu_order":0,"comment_status":"closed","ping_status":"closed","template":"","meta":{"footnotes":""},"class_list":["post-78742","page","type-page","status-publish","hentry"],"_links":{"self":[{"href":"https:\/\/www.bfkeg.it\/it\/wp-json\/wp\/v2\/pages\/78742","targetHints":{"allow":["GET"]}}],"collection":[{"href":"https:\/\/www.bfkeg.it\/it\/wp-json\/wp\/v2\/pages"}],"about":[{"href":"https:\/\/www.bfkeg.it\/it\/wp-json\/wp\/v2\/types\/page"}],"author":[{"embeddable":true,"href":"https:\/\/www.bfkeg.it\/it\/wp-json\/wp\/v2\/users\/1"}],"replies":[{"embeddable":true,"href":"https:\/\/www.bfkeg.it\/it\/wp-json\/wp\/v2\/comments?post=78742"}],"version-history":[{"count":4,"href":"https:\/\/www.bfkeg.it\/it\/wp-json\/wp\/v2\/pages\/78742\/revisions"}],"predecessor-version":[{"id":79071,"href":"https:\/\/www.bfkeg.it\/it\/wp-json\/wp\/v2\/pages\/78742\/revisions\/79071"}],"wp:attachment":[{"href":"https:\/\/www.bfkeg.it\/it\/wp-json\/wp\/v2\/media?parent=78742"}],"curies":[{"name":"wp","href":"https:\/\/api.w.org\/{rel}","templated":true}]}}