{"id":78707,"date":"2025-07-29T09:12:19","date_gmt":"2025-07-29T07:12:19","guid":{"rendered":"http:\/\/www2.bfkeg.it\/strade-consortili\/"},"modified":"2025-11-21T16:26:00","modified_gmt":"2025-11-21T15:26:00","slug":"strade-consortili","status":"publish","type":"page","link":"https:\/\/www.bfkeg.it\/it\/strade-consortili\/","title":{"rendered":"Strade consortili"},"content":{"rendered":"\t\t<div data-elementor-type=\"wp-page\" data-elementor-id=\"78707\" class=\"elementor elementor-78707 elementor-75767\">\n\t\t\t\t\t\t<section class=\"elementor-section elementor-top-section elementor-element elementor-element-43963639 elementor-section-content-middle elementor-section-boxed elementor-section-height-default elementor-section-height-default\" data-id=\"43963639\" data-element_type=\"section\" data-e-type=\"section\">\n\t\t\t\t\t\t<div class=\"elementor-container elementor-column-gap-default\">\n\t\t\t\t\t<div class=\" elementor-column elementor-col-33 elementor-top-column elementor-element elementor-element-7f40a084 elementor-invisible\" data-fullscreen-column-settings=\"{&quot;fullscreen&quot;:&quot;&quot;}\" data-id=\"7f40a084\" data-element_type=\"column\" data-e-type=\"column\" data-settings=\"{&quot;animation&quot;:&quot;fadeIn&quot;}\">\n\t\t\t<div class=\"elementor-widget-wrap elementor-element-populated\">\n\t\t\t\t\t\t<div class=\"elementor-element elementor-element-2f3d730b elementor-widget elementor-widget-litho-image-offset-shadow\" data-id=\"2f3d730b\" data-element_type=\"widget\" data-e-type=\"widget\" data-widget_type=\"litho-image-offset-shadow.default\">\n\t\t\t\t<div class=\"elementor-widget-container\">\n\t\t\t\t\t\t\t\t\t<div class=\"image-back-offset-shadow width-100\">\n\t\t\t\t\t<img decoding=\"async\" src=\"https:\/\/www.bfkeg.it\/wordpress\/wp-content\/uploads\/2025\/10\/konsortialweg-haidnweg.jpg\" alt=\"Konsortialweg\"  srcset=\"https:\/\/www.bfkeg.it\/wordpress\/wp-content\/uploads\/2025\/10\/konsortialweg-haidnweg.jpg 1200w, https:\/\/www.bfkeg.it\/wordpress\/wp-content\/uploads\/2025\/10\/konsortialweg-haidnweg-300x200.jpg 300w, https:\/\/www.bfkeg.it\/wordpress\/wp-content\/uploads\/2025\/10\/konsortialweg-haidnweg-1024x683.jpg 1024w, https:\/\/www.bfkeg.it\/wordpress\/wp-content\/uploads\/2025\/10\/konsortialweg-haidnweg-768x512.jpg 768w, https:\/\/www.bfkeg.it\/wordpress\/wp-content\/uploads\/2025\/10\/konsortialweg-haidnweg-200x133.jpg 200w\" sizes=\"(max-width: 1200px) 100vw, 1200px\" \/>\t\t\t\t\t<span class=\"overlay\"><\/span>\n\t\t\t\t<\/div>\n\t\t\t\t\t\t\t\t<\/div>\n\t\t\t\t<\/div>\n\t\t\t\t\t<\/div>\n\t\t<\/div>\n\t\t\t\t<div class=\" elementor-column elementor-col-33 elementor-top-column elementor-element elementor-element-78e0a450 elementor-hidden-tablet elementor-hidden-phone\" data-fullscreen-column-settings=\"{&quot;fullscreen&quot;:&quot;&quot;}\" data-id=\"78e0a450\" data-element_type=\"column\" data-e-type=\"column\">\n\t\t\t<div class=\"elementor-widget-wrap\">\n\t\t\t\t\t\t\t<\/div>\n\t\t<\/div>\n\t\t\t\t<div class=\" elementor-column elementor-col-33 elementor-top-column elementor-element elementor-element-22390558 elementor-invisible\" data-fullscreen-column-settings=\"{&quot;fullscreen&quot;:&quot;&quot;}\" data-id=\"22390558\" data-element_type=\"column\" data-e-type=\"column\" data-settings=\"{&quot;animation&quot;:&quot;fadeIn&quot;}\">\n\t\t\t<div class=\"elementor-widget-wrap elementor-element-populated\">\n\t\t\t\t\t\t<div class=\"elementor-element elementor-element-3dc2028c elementor-widget elementor-widget-heading\" data-id=\"3dc2028c\" data-element_type=\"widget\" data-e-type=\"widget\" data-widget_type=\"heading.default\">\n\t\t\t\t\t<h6 class=\"elementor-heading-title elementor-size-default\">Consorzio di bonifica<\/h6>\t\t\t\t<\/div>\n\t\t\t\t<div class=\"elementor-element elementor-element-3d2f45fb elementor-widget elementor-widget-heading\" data-id=\"3d2f45fb\" data-element_type=\"widget\" data-e-type=\"widget\" data-widget_type=\"heading.default\">\n\t\t\t\t\t<h2 class=\"elementor-heading-title elementor-size-default\">Strade consortili<\/h2>\t\t\t\t<\/div>\n\t\t\t\t<div class=\"elementor-element elementor-element-3300798a elementor-widget elementor-widget-text-editor\" data-id=\"3300798a\" data-element_type=\"widget\" data-e-type=\"widget\" data-widget_type=\"text-editor.default\">\n\t\t\t\t\t\t\t\t\t<p>Un\u2019altra attivit\u00e1 del Consorzio \u00e8 la manutenzione delle strade poderali nel comprensorio. Le strade sono o di propriet\u00e1 del Consorzio o dei proprietari dei terreni limitrofi. Le strade amministrate dal Consorzio sono contrassegnate con una tabella \u201cstrada consortile \u201c.<\/p><p>Buche ed aperture nell\u2019 asfalto vengono chiuse dalle maestranze del Consorzio e periodicamente queste strade vengono riasfaltate. Su queste strade il Consorzio esegue anche lo sgombero neve.<\/p><p>Richieste di attraversamento di ogni tipo devono essere fatte al Consorzio.<br><strong><br>Il transito sulle strade consortili \u00e8 consentito soltanto agli aventi diritto.<br><\/strong><\/p>\t\t\t\t\t\t\t\t<\/div>\n\t\t\t\t\t<\/div>\n\t\t<\/div>\n\t\t\t\t\t<\/div>\n\t\t<\/section>\n\t\t\t\t<\/div>\n\t\t","protected":false},"excerpt":{"rendered":"<p>Consorzio di bonifica Strade consortili Un\u2019altra attivit\u00e1 del Consorzio \u00e8 la manutenzione delle strade poderali nel comprensorio. Le strade sono o di propriet\u00e1 del Consorzio o dei proprietari dei terreni limitrofi. Le strade amministrate dal Consorzio sono contrassegnate con una tabella \u201cstrada consortile \u201c. Buche ed aperture nell\u2019 asfalto vengono chiuse dalle maestranze del Consorzio [&hellip;]<\/p>\n","protected":false},"author":1,"featured_media":0,"parent":0,"menu_order":0,"comment_status":"closed","ping_status":"closed","template":"","meta":{"footnotes":""},"class_list":["post-78707","page","type-page","status-publish","hentry"],"_links":{"self":[{"href":"https:\/\/www.bfkeg.it\/it\/wp-json\/wp\/v2\/pages\/78707","targetHints":{"allow":["GET"]}}],"collection":[{"href":"https:\/\/www.bfkeg.it\/it\/wp-json\/wp\/v2\/pages"}],"about":[{"href":"https:\/\/www.bfkeg.it\/it\/wp-json\/wp\/v2\/types\/page"}],"author":[{"embeddable":true,"href":"https:\/\/www.bfkeg.it\/it\/wp-json\/wp\/v2\/users\/1"}],"replies":[{"embeddable":true,"href":"https:\/\/www.bfkeg.it\/it\/wp-json\/wp\/v2\/comments?post=78707"}],"version-history":[{"count":1,"href":"https:\/\/www.bfkeg.it\/it\/wp-json\/wp\/v2\/pages\/78707\/revisions"}],"predecessor-version":[{"id":78708,"href":"https:\/\/www.bfkeg.it\/it\/wp-json\/wp\/v2\/pages\/78707\/revisions\/78708"}],"wp:attachment":[{"href":"https:\/\/www.bfkeg.it\/it\/wp-json\/wp\/v2\/media?parent=78707"}],"curies":[{"name":"wp","href":"https:\/\/api.w.org\/{rel}","templated":true}]}}