{"id":78696,"date":"2025-07-29T09:09:43","date_gmt":"2025-07-29T07:09:43","guid":{"rendered":"http:\/\/www2.bfkeg.it\/la-storia\/"},"modified":"2026-01-07T11:43:04","modified_gmt":"2026-01-07T10:43:04","slug":"la-storia","status":"publish","type":"page","link":"https:\/\/www.bfkeg.it\/it\/la-storia\/","title":{"rendered":"La storia"},"content":{"rendered":"\t\t<div data-elementor-type=\"wp-page\" data-elementor-id=\"78696\" class=\"elementor elementor-78696 elementor-75749\">\n\t\t\t\t\t\t<section class=\"elementor-section elementor-top-section elementor-element elementor-element-1f342566 elementor-section-content-middle elementor-section-boxed elementor-section-height-default elementor-section-height-default\" data-id=\"1f342566\" data-element_type=\"section\" data-e-type=\"section\">\n\t\t\t\t\t\t<div class=\"elementor-container elementor-column-gap-default\">\n\t\t\t\t\t<div class=\" elementor-column elementor-col-100 elementor-top-column elementor-element elementor-element-65ed0b95 elementor-hidden-phone elementor-invisible\" data-fullscreen-column-settings=\"{&quot;fullscreen&quot;:&quot;&quot;}\" data-id=\"65ed0b95\" data-element_type=\"column\" data-e-type=\"column\" data-settings=\"{&quot;animation&quot;:&quot;fadeIn&quot;,&quot;animation_delay&quot;:400}\">\n\t\t\t<div class=\"elementor-widget-wrap elementor-element-populated\">\n\t\t\t\t\t\t<div class=\"elementor-element elementor-element-1247e5dc elementor-invisible elementor-widget elementor-widget-litho-heading\" data-id=\"1247e5dc\" data-element_type=\"widget\" data-e-type=\"widget\" data-settings=\"{&quot;_animation&quot;:&quot;fadeIn&quot;}\" data-widget_type=\"litho-heading.default\">\n\t\t\t\t<div class=\"elementor-widget-container\">\n\t\t\t\t\t<span class=\"litho-heading elementor-size-default\"><span class=\"litho-primary-title\">Sviluppo<\/span><\/span>\t\t\t\t<\/div>\n\t\t\t\t<\/div>\n\t\t\t\t\t<\/div>\n\t\t<\/div>\n\t\t\t\t\t<\/div>\n\t\t<\/section>\n\t\t\t\t<section class=\"elementor-section elementor-top-section elementor-element elementor-element-73e5da5b elementor-section-full_width elementor-section-height-default elementor-section-height-default\" data-id=\"73e5da5b\" data-element_type=\"section\" data-e-type=\"section\">\n\t\t\t\t\t\t<div class=\"elementor-container elementor-column-gap-default\">\n\t\t\t\t\t<div class=\" elementor-column elementor-col-50 elementor-top-column elementor-element elementor-element-27ca34f7 elementor-invisible\" data-fullscreen-column-settings=\"{&quot;fullscreen&quot;:&quot;&quot;}\" data-id=\"27ca34f7\" data-element_type=\"column\" data-e-type=\"column\" data-settings=\"{&quot;background_background&quot;:&quot;classic&quot;,&quot;animation&quot;:&quot;fadeIn&quot;,&quot;animation_delay&quot;:100}\">\n\t\t\t<div class=\"elementor-widget-wrap elementor-element-populated\">\n\t\t\t\t\t\t<section class=\"elementor-section elementor-inner-section elementor-element elementor-element-7a9d0eba elementor-section-boxed elementor-section-height-default elementor-section-height-default\" data-id=\"7a9d0eba\" data-element_type=\"section\" data-e-type=\"section\">\n\t\t\t\t\t\t<div class=\"elementor-container elementor-column-gap-default\">\n\t\t\t\t\t<div class=\" elementor-column elementor-col-100 elementor-inner-column elementor-element elementor-element-5c3eb751 elementor-invisible\" data-fullscreen-column-settings=\"{&quot;fullscreen&quot;:&quot;&quot;}\" data-id=\"5c3eb751\" data-element_type=\"column\" data-e-type=\"column\" data-settings=\"{&quot;animation&quot;:&quot;fadeIn&quot;}\">\n\t\t\t<div class=\"elementor-widget-wrap\">\n\t\t\t\t\t\t\t<\/div>\n\t\t<\/div>\n\t\t\t\t\t<\/div>\n\t\t<\/section>\n\t\t\t\t\t<\/div>\n\t\t<\/div>\n\t\t\t\t<div class=\" elementor-column elementor-col-50 elementor-top-column elementor-element elementor-element-545875bb elementor-invisible\" data-fullscreen-column-settings=\"{&quot;fullscreen&quot;:&quot;&quot;}\" data-id=\"545875bb\" data-element_type=\"column\" data-e-type=\"column\" data-settings=\"{&quot;background_background&quot;:&quot;classic&quot;,&quot;animation&quot;:&quot;fadeIn&quot;}\">\n\t\t\t<div class=\"elementor-widget-wrap elementor-element-populated\">\n\t\t\t\t\t\t<div class=\"elementor-element elementor-element-5e4fa360 elementor-widget__width-initial elementor-widget-tablet__width-initial elementor-widget-mobile__width-inherit elementor-invisible elementor-widget elementor-widget-text-editor\" data-id=\"5e4fa360\" data-element_type=\"widget\" data-e-type=\"widget\" data-settings=\"{&quot;_animation&quot;:&quot;fadeIn&quot;,&quot;_animation_delay&quot;:400}\" data-widget_type=\"text-editor.default\">\n\t\t\t\t\t\t\t\t\t<p>Il consorzio di bonus &#8220;Eisackm\u00fcndung-Gmund&#8221; \u00e8 stato istituito con la legge provinciale di 11 settembre 1886 (L.G.Bl. No. 41). \u00c8 stata fondata come &#8220;Consorzio per la Regolazione dell&#8217;Adige &#8211; Sezione 1 A&#8221; con sede a Bolzano. Gli statuti sono stati approvati dal k. u. k. Governatore del Tirolo il 12 novembre 1886.<br><br><\/p><p>Con la legge del 31 ottobre 1893 (L.G.Bl. n. 34), il consorzio assunse la manutenzione delle strutture idrauliche dell&#8217;Adige dalla foce dell&#8217;Isarco a Gmund e da allora \u00e8 conosciuto come &#8220;Cooperativa per la regolazione e la manutenzione dell&#8217;Adige dalla foce dell&#8217;Isarco a Gmund&#8221;. Questi statuti furono approvati anche dal Governatore Imperiale e Reale il 9 febbraio 1894. Governatore approvato.<\/p>\t\t\t\t\t\t\t\t<\/div>\n\t\t\t\t\t<\/div>\n\t\t<\/div>\n\t\t\t\t\t<\/div>\n\t\t<\/section>\n\t\t\t\t<section class=\"elementor-section elementor-top-section elementor-element elementor-element-9b132b9 elementor-section-full_width elementor-reverse-tablet elementor-reverse-mobile elementor-section-height-default elementor-section-height-default\" data-id=\"9b132b9\" data-element_type=\"section\" data-e-type=\"section\">\n\t\t\t\t\t\t<div class=\"elementor-container elementor-column-gap-default\">\n\t\t\t\t\t<div class=\" elementor-column elementor-col-50 elementor-top-column elementor-element elementor-element-bd52bf0 elementor-invisible\" data-fullscreen-column-settings=\"{&quot;fullscreen&quot;:&quot;&quot;}\" data-id=\"bd52bf0\" data-element_type=\"column\" data-e-type=\"column\" data-settings=\"{&quot;background_background&quot;:&quot;classic&quot;,&quot;animation&quot;:&quot;fadeIn&quot;}\">\n\t\t\t<div class=\"elementor-widget-wrap elementor-element-populated\">\n\t\t\t\t\t\t<div class=\"elementor-element elementor-element-d558c9b elementor-widget__width-initial elementor-widget-tablet__width-initial elementor-widget-mobile__width-inherit elementor-invisible elementor-widget elementor-widget-text-editor\" data-id=\"d558c9b\" data-element_type=\"widget\" data-e-type=\"widget\" data-settings=\"{&quot;_animation&quot;:&quot;fadeIn&quot;,&quot;_animation_delay&quot;:400}\" data-widget_type=\"text-editor.default\">\n\t\t\t\t\t\t\t\t\t<p>Gi\u00e0 allora, lo scopo della cooperativa era quello di completare e mantenere le strutture di protezione delle acque dell&#8217;Adige e di effettuare lavori di bonifica nell&#8217;area di competenza. Dopo la Prima Guerra Mondiale, la Valle dell&#8217;Adige pass\u00f2 all&#8217;Italia. La legge n. 1101 del 9 giugno 1927 assegnava le opere di protezione delle acque dell&#8217;Adige e dei suoi affluenti alla seconda categoria e le opere di bonifica alla prima.<br><br>Di conseguenza, il 5 marzo 1927, l&#8217;assemblea generale decise di trasformare il consorzio in un consorzio per il miglioramento generale del terreno con il nome di CONSORZIO DI BONIFICA &#8220;EISACKM\u00dcNDUNG-GMUND&#8221;. Gli statuti furono approvati dal Ministero dell&#8217;Agricoltura il 2 ottobre 1930.<\/p>\t\t\t\t\t\t\t\t<\/div>\n\t\t\t\t\t<\/div>\n\t\t<\/div>\n\t\t\t\t<div class=\" elementor-column elementor-col-50 elementor-top-column elementor-element elementor-element-6c7cc9c elementor-invisible\" data-fullscreen-column-settings=\"{&quot;fullscreen&quot;:&quot;&quot;}\" data-id=\"6c7cc9c\" data-element_type=\"column\" data-e-type=\"column\" data-settings=\"{&quot;background_background&quot;:&quot;classic&quot;,&quot;animation&quot;:&quot;fadeIn&quot;,&quot;animation_delay&quot;:100}\">\n\t\t\t<div class=\"elementor-widget-wrap elementor-element-populated\">\n\t\t\t\t\t\t<section class=\"elementor-section elementor-inner-section elementor-element elementor-element-2405c5a elementor-section-boxed elementor-section-height-default elementor-section-height-default\" data-id=\"2405c5a\" data-element_type=\"section\" data-e-type=\"section\">\n\t\t\t\t\t\t<div class=\"elementor-container elementor-column-gap-default\">\n\t\t\t\t\t<div class=\" elementor-column elementor-col-100 elementor-inner-column elementor-element elementor-element-966e39b elementor-invisible\" data-fullscreen-column-settings=\"{&quot;fullscreen&quot;:&quot;&quot;}\" data-id=\"966e39b\" data-element_type=\"column\" data-e-type=\"column\" data-settings=\"{&quot;animation&quot;:&quot;fadeIn&quot;}\">\n\t\t\t<div class=\"elementor-widget-wrap\">\n\t\t\t\t\t\t\t<\/div>\n\t\t<\/div>\n\t\t\t\t\t<\/div>\n\t\t<\/section>\n\t\t\t\t\t<\/div>\n\t\t<\/div>\n\t\t\t\t\t<\/div>\n\t\t<\/section>\n\t\t\t\t<\/div>\n\t\t","protected":false},"excerpt":{"rendered":"<p>Sviluppo Il consorzio di bonus &#8220;Eisackm\u00fcndung-Gmund&#8221; \u00e8 stato istituito con la legge provinciale di 11 settembre 1886 (L.G.Bl. No. 41). \u00c8 stata fondata come &#8220;Consorzio per la Regolazione dell&#8217;Adige &#8211; Sezione 1 A&#8221; con sede a Bolzano. Gli statuti sono stati approvati dal k. u. k. Governatore del Tirolo il 12 novembre 1886. Con la [&hellip;]<\/p>\n","protected":false},"author":1,"featured_media":0,"parent":0,"menu_order":0,"comment_status":"closed","ping_status":"closed","template":"","meta":{"footnotes":""},"class_list":["post-78696","page","type-page","status-publish","hentry"],"_links":{"self":[{"href":"https:\/\/www.bfkeg.it\/it\/wp-json\/wp\/v2\/pages\/78696","targetHints":{"allow":["GET"]}}],"collection":[{"href":"https:\/\/www.bfkeg.it\/it\/wp-json\/wp\/v2\/pages"}],"about":[{"href":"https:\/\/www.bfkeg.it\/it\/wp-json\/wp\/v2\/types\/page"}],"author":[{"embeddable":true,"href":"https:\/\/www.bfkeg.it\/it\/wp-json\/wp\/v2\/users\/1"}],"replies":[{"embeddable":true,"href":"https:\/\/www.bfkeg.it\/it\/wp-json\/wp\/v2\/comments?post=78696"}],"version-history":[{"count":1,"href":"https:\/\/www.bfkeg.it\/it\/wp-json\/wp\/v2\/pages\/78696\/revisions"}],"predecessor-version":[{"id":78697,"href":"https:\/\/www.bfkeg.it\/it\/wp-json\/wp\/v2\/pages\/78696\/revisions\/78697"}],"wp:attachment":[{"href":"https:\/\/www.bfkeg.it\/it\/wp-json\/wp\/v2\/media?parent=78696"}],"curies":[{"name":"wp","href":"https:\/\/api.w.org\/{rel}","templated":true}]}}